{"id":17,"date":"2021-03-30T22:04:49","date_gmt":"2021-03-30T20:04:49","guid":{"rendered":"http:\/\/rim3d.tn\/?page_id=17"},"modified":"2021-05-20T23:16:25","modified_gmt":"2021-05-20T21:16:25","slug":"contact","status":"publish","type":"page","link":"https:\/\/rim3d.tn\/?page_id=17","title":{"rendered":"Contact"},"content":{"rendered":"\r\n<div class=\"wpb_text_column wpb_content_element  irp-quicksand\">\r\n<div class=\"wpb_wrapper\">\r\n<h2>PRENDRE RDV PAR T\u00c9L\u00c9PHONE<\/h2>\r\n<\/div>\r\n<\/div>\r\n<div class=\"wpb_text_column wpb_content_element \">\r\n<div class=\"wpb_wrapper\">\r\n<h4>Pour toute question concernant un examen:<\/h4>\r\n<\/div>\r\n<\/div>\r\n<h4><strong><span class=\"irp-quicksand\">TEL : +216 72 419 884 \/ 50 580 422<\/span><\/strong><br \/><br \/>Mail : contact@rim3d.tn<\/h4>\r\n<h4>Avant d\u2019appeler pour prendre un rendez-vous, munissez-vous\u00a0\u00e9ventuellement de votre ordonnance car l\u2019h\u00f4tesse d\u2019accueil t\u00e9l\u00e9phonique vous demandera de lui lire.<br \/>Signalez-lui toute contre-indication \u00e9ventuelle (pace-maker pour une IRM, allergie au produit de contraste iod\u00e9 pour un scanner, grossesse\u2026).<\/h4>\r\n<p>&nbsp;<\/p>\r\n<div class=\"wpb_text_column wpb_content_element  irp-quicksand\">\r\n<div class=\"wpb_wrapper\">\r\n<h2>PRENDRE RDV SUR PLACE<\/h2>\r\n<\/div>\r\n<\/div>\r\n<div class=\"wpb_text_column wpb_content_element \">\r\n<div class=\"wpb_wrapper\">\r\n<p>&nbsp;<\/p>\r\n<h4>Vous pouvez \u00e9galement vous rendre au centre pour une prise de rendez-vous sur place :<\/h4>\r\n<h4>Au \u00a0143 Avenue Habib Bourguiba (Bab mateur) 7061 Bizerte<\/h4>\r\n<h4>Du lundi au vendredi de 9h \u00e0 18h00<br \/>Et le samedi de 9h \u00e0 13h<\/h4>\r\n<\/div>\r\n<\/div>\r\n<p>&nbsp;<\/p>\r\n<div class=\"row spaced-cols\" data-type=\"row\">\r\n<div class=\"col-xs-12 col-sm-12 col-md-6\">\r\n<p style=\"text-align: left;\"><strong>Nous trouver<\/strong><\/p>\r\n<iframe loading=\"lazy\" style=\"border: 0;\" src=\"https:\/\/www.google.com\/maps\/embed?pb=!1m18!1m12!1m3!1d793.7772076983161!2d9.86285072918307!3d37.26884629874094!2m3!1f0!2f0!3f0!3m2!1i1024!2i768!4f13.1!3m3!1m2!1s0x12e31facae69604b%3A0xc68346b3303effbc!2s143%20Rue%20Bourguiba%2C%20Bizerte%2C%20Tunisie!5e0!3m2!1sfr!2sfr!4v1617138870804!5m2!1sfr!2sfr\" width=\"600\" height=\"450\" allowfullscreen=\"allowfullscreen\"><\/iframe><\/div>\r\n<div class=\"col-xs-12 col-sm-12 col-md-6\">\r\n<p style=\"text-align: left;\"><strong>Nous contacter<\/strong><\/p>\r\n<p style=\"text-align: right;\"><div role=\"form\" class=\"wpcf7\" id=\"wpcf7-f74-o1\" lang=\"fr-FR\" dir=\"ltr\">\n<div class=\"screen-reader-response\"><p role=\"status\" aria-live=\"polite\" aria-atomic=\"true\"><\/p> <ul><\/ul><\/div>\n<form action=\"\/index.php?rest_route=%2Fwp%2Fv2%2Fpages%2F17#wpcf7-f74-o1\" method=\"post\" class=\"wpcf7-form init\" novalidate=\"novalidate\" data-status=\"init\">\n<div style=\"display: none;\">\n<input type=\"hidden\" name=\"_wpcf7\" value=\"74\" \/>\n<input type=\"hidden\" name=\"_wpcf7_version\" value=\"5.4\" \/>\n<input type=\"hidden\" name=\"_wpcf7_locale\" value=\"fr_FR\" \/>\n<input type=\"hidden\" name=\"_wpcf7_unit_tag\" value=\"wpcf7-f74-o1\" \/>\n<input type=\"hidden\" name=\"_wpcf7_container_post\" value=\"0\" \/>\n<input type=\"hidden\" name=\"_wpcf7_posted_data_hash\" value=\"\" \/>\n<\/div>\n<p><label> Votre nom<br \/>\n    <span class=\"wpcf7-form-control-wrap your-name\"><input type=\"text\" name=\"your-name\" value=\"\" size=\"40\" class=\"wpcf7-form-control wpcf7-text wpcf7-validates-as-required\" aria-required=\"true\" aria-invalid=\"false\" \/><\/span> <\/label><\/p>\n<p><label> Votre e-mail<br \/>\n    <span class=\"wpcf7-form-control-wrap your-email\"><input type=\"email\" name=\"your-email\" value=\"\" size=\"40\" class=\"wpcf7-form-control wpcf7-text wpcf7-email wpcf7-validates-as-required wpcf7-validates-as-email\" aria-required=\"true\" aria-invalid=\"false\" \/><\/span> <\/label><\/p>\n<p><label> Objet<br \/>\n    <span class=\"wpcf7-form-control-wrap your-subject\"><input type=\"text\" name=\"your-subject\" value=\"\" size=\"40\" class=\"wpcf7-form-control wpcf7-text wpcf7-validates-as-required\" aria-required=\"true\" aria-invalid=\"false\" \/><\/span> <\/label><\/p>\n<p><label> Votre message (facultatif)<br \/>\n    <span class=\"wpcf7-form-control-wrap your-message\"><textarea name=\"your-message\" cols=\"40\" rows=\"10\" class=\"wpcf7-form-control wpcf7-textarea\" aria-invalid=\"false\"><\/textarea><\/span> <\/label><\/p>\n<p><input type=\"submit\" value=\"Envoyer\" class=\"wpcf7-form-control wpcf7-submit\" \/><\/p>\n<div class=\"wpcf7-response-output\" aria-hidden=\"true\"><\/div><\/form><\/div><\/p>\r\n<\/div>\r\n<\/div>\r\n","protected":false},"excerpt":{"rendered":"<p>PRENDRE RDV PAR T\u00c9L\u00c9PHONE Pour toute question concernant un examen: TEL : +216 72 419 884 \/ 50 580 422 Mail : contact@rim3d.tn Avant d\u2019appeler pour prendre un rendez-vous, munissez-vous\u00a0\u00e9ventuellement de votre ordonnance car l\u2019h\u00f4tesse d\u2019accueil t\u00e9l\u00e9phonique vous demandera de lui lire.Signalez-lui toute contre-indication \u00e9ventuelle (pace-maker pour une IRM, allergie au produit de contraste iod\u00e9&hellip; <br \/> <a class=\"read-more\" href=\"https:\/\/rim3d.tn\/?page_id=17\">Read more<\/a><\/p>\n","protected":false},"author":1,"featured_media":0,"parent":16,"menu_order":0,"comment_status":"closed","ping_status":"closed","template":"","meta":[],"_links":{"self":[{"href":"https:\/\/rim3d.tn\/index.php?rest_route=\/wp\/v2\/pages\/17"}],"collection":[{"href":"https:\/\/rim3d.tn\/index.php?rest_route=\/wp\/v2\/pages"}],"about":[{"href":"https:\/\/rim3d.tn\/index.php?rest_route=\/wp\/v2\/types\/page"}],"author":[{"embeddable":true,"href":"https:\/\/rim3d.tn\/index.php?rest_route=\/wp\/v2\/users\/1"}],"replies":[{"embeddable":true,"href":"https:\/\/rim3d.tn\/index.php?rest_route=%2Fwp%2Fv2%2Fcomments&post=17"}],"version-history":[{"count":27,"href":"https:\/\/rim3d.tn\/index.php?rest_route=\/wp\/v2\/pages\/17\/revisions"}],"predecessor-version":[{"id":267,"href":"https:\/\/rim3d.tn\/index.php?rest_route=\/wp\/v2\/pages\/17\/revisions\/267"}],"up":[{"embeddable":true,"href":"https:\/\/rim3d.tn\/index.php?rest_route=\/wp\/v2\/pages\/16"}],"wp:attachment":[{"href":"https:\/\/rim3d.tn\/index.php?rest_route=%2Fwp%2Fv2%2Fmedia&parent=17"}],"curies":[{"name":"wp","href":"https:\/\/api.w.org\/{rel}","templated":true}]}}