{"id":220,"date":"2021-05-20T21:17:14","date_gmt":"2021-05-20T19:17:14","guid":{"rendered":"http:\/\/rim3d.tn\/?page_id=220"},"modified":"2021-05-20T21:17:14","modified_gmt":"2021-05-20T19:17:14","slug":"irm","status":"publish","type":"page","link":"https:\/\/rim3d.tn\/?page_id=220","title":{"rendered":"IRM"},"content":{"rendered":"<p>L\u2019<strong>IRM<\/strong>, ou\u00a0<em>Imagerie par R\u00e9sonance Magn\u00e9tique<\/em>, existe depuis la fin des ann\u00e9es 1970. C\u2019est \u00e0 ce jour la technique d\u2019imagerie m\u00e9dicale qui permet d\u2019obtenir les images les plus pr\u00e9cises de l\u2019int\u00e9rieur du corps. L\u2019IRM vient ainsi compl\u00e9ter les autres techniques d\u2019imagerie m\u00e9dicale telles que le scanner, l\u2019\u00e9chographie, ou la radiographie. Elle est utilis\u00e9e pour diagnostiquer avec pr\u00e9cision de nombreuses pathologies. Comment fonctionne l\u2019imagerie par r\u00e9sonance magn\u00e9tique\u00a0? Y a-t-il des risques\u00a0? Est-ce douloureux\u00a0? Une pr\u00e9paration sp\u00e9cifique est-elle n\u00e9cessaire\u00a0? Voici un r\u00e9sum\u00e9 de toutes les informations utiles \u00e0 conna\u00eetre sur l\u2019IRM.<\/p>\n<p><strong>Comment fonctionne l\u2019IRM\u00a0?<\/strong><\/p>\n<p>L\u2019imagerie par r\u00e9sonance magn\u00e9tique permet d\u2019obtenir des clich\u00e9s pr\u00e9cis de l\u2019int\u00e9rieur du corps humain, en deux ou trois dimensions, gr\u00e2ce \u00e0 une r\u00e9solution \u00e0 fort contraste. L\u2019IRM est constitu\u00e9e d\u2019une bobine qui cr\u00e9e un champ magn\u00e9tique qui va magn\u00e9tiser les tissus de la zone cibl\u00e9e. Des ondes radios plus faibles appel\u00e9es \u00ab\u00a0<em>radiofr\u00e9quences<\/em>\u00a0\u00bb vont ensuite permettre de mesurer le signal \u00e9lectromagn\u00e9tique renvoy\u00e9 par les tissus, par un effet de r\u00e9sonance. Cette technique coupl\u00e9e \u00e0 un syst\u00e8me informatique va permettre de transformer ces donn\u00e9es en images, en v\u00e9ritables photographies des tissus de l\u2019organisme.<\/p>\n<p><strong>Pourquoi passer un IRM\u00a0?<\/strong><\/p>\n<p>En r\u00e9alit\u00e9, toutes les techniques d\u2019imagerie m\u00e9dicale qui existent pr\u00e9sentent l\u2019avantage de se compl\u00e9ter les unes les autres. Une IRM sera n\u00e9cessaire lorsque les autres techniques telles que par exemple la radiographie ou l\u2019\u00e9chographie, ne suffisent pas \u00e0 \u00e9tablir un diagnostic suffisamment pr\u00e9cis.\u00a0<strong>L\u2019imagerie par r\u00e9sonance magn\u00e9tique\u00a0est particuli\u00e8rement utilis\u00e9e pour pouvoir \u00e9tudier les tissus mous de l\u2019organisme<\/strong>.<\/p>\n<p>Elle est tr\u00e8s utilis\u00e9e pour examiner le syst\u00e8me nerveux central (cerveau, moelle \u00e9pini\u00e8re), les muscles, le c\u0153ur, ainsi que pour diagnostiquer des tumeurs. \u00c0 l\u2019inverse, l\u2019IRM ne permettra pas d\u2019examiner les tissus durs de l\u2019organisme tels que les os, par exemple, pour lesquels d\u2019autres techniques d\u2019imagerie m\u00e9dicale seront plus adapt\u00e9s.<\/p>\n<p><strong>Comment se pr\u00e9parer\u00a0?<\/strong><\/p>\n<p>Pour passer une\u00a0<em>IRM<\/em>, aucune pr\u00e9paration sp\u00e9cifique n\u2019est n\u00e9cessaire. Vous n\u2019avez pas besoin d\u2019\u00eatre \u00e0 jeun pour effectuer cet examen. Pensez cependant \u00e0 vous munir de vos ordonnances et lettre(s) de votre m\u00e9decin.<\/p>\n<p><strong>Comment se d\u00e9roule l\u2019examen ?<\/strong><\/p>\n<p>Pour pouvoir passer votre examen, vous serez d\u2019abord emmen\u00e9 au vestiaire afin de vous d\u00e9v\u00eatir. Nous vous pr\u00e9ciserons quels v\u00eatements il vous faudra enlever. Nous vous demanderons \u00e9galement d\u2019enlever tout objet m\u00e9tallique que vous pourriez porter (lunettes, bijoux, montre etc.) et de nous signaler tout autre dispositif pouvant contenir du m\u00e9tal (proth\u00e8ses dentaires etc.). Veuillez \u00e9galement signaler si vous \u00eates porteur d\u2019un stimulateur cardiaque. Dans ce cas, l\u2019IRM est contre-indiqu\u00e9e car votre stimulateur tomberait en panne, du fait des ondes magn\u00e9tiques de l\u2019appareil \u00e0 IRM.<\/p>\n<p>Une fois dans la salle d\u2019examen, vous serez allong\u00e9 sur un lit, qui entrera ensuite automatiquement dans l\u2019appareil \u00e0 IRM. Dans certains cas, une injection d\u2019un produit de contraste pourra \u00eatre n\u00e9cessaire afin d\u2019optimiser la qualit\u00e9 des images, donc vos r\u00e9sultats. Pour que les clich\u00e9s soient de la meilleure qualit\u00e9 possible, il vous faudra respirer calmement et bouger le moins possible.<\/p>\n<p>La machine peut \u00eatre impressionnante, et \u00e9met des sons tout au long de l\u2019examen, qui sont tout \u00e0 fait normaux, mais peuvent angoisser certains patients. Rassurez-vous, le m\u00e9decin radiologue qui vous fera passer l\u2019examen restera \u00e0 vos c\u00f4t\u00e9 en permanence. Vous pourrez le solliciter en cas d\u2019urgence \u00e0 tout moment. La dur\u00e9e d\u2019une IRM varie en moyenne entre 30 minutes et une heure, selon la zone \u00e0 \u00e9tudier.<\/p>\n<p><strong>L\u2019IRM est-il un examen douloureux\u00a0?<\/strong><\/p>\n<p>L\u2019IRM est un examen non invasif et totalement\u00a0<strong>indolore<\/strong>. Seule l\u2019\u00e9ventuelle injection d\u2019un produit de contraste, uniquement si elle est n\u00e9cessaire, pourra vous procurer un certain inconfort qui se dissipera rapidement. Pendant toute la dur\u00e9e de l\u2019examen, vous serez entour\u00e9 par la machine. Ainsi, n\u2019h\u00e9sitez pas \u00e0 signaler si vous souffrez de claustrophobie ou de spasmophilie.<\/p>\n<p><strong>Passer une IRM pr\u00e9sente-t-il des risques\u00a0?<\/strong><\/p>\n<p>\u00c9tant donn\u00e9 qu\u2019il s\u2019agit d\u2019un examen non invasif,\u00a0<em>l\u2019IRM ne pr\u00e9sente pas de risque majeur<\/em>. C\u2019est un examen totalement indolore, et les produits de contraste utilis\u00e9s sont tr\u00e8s bien tol\u00e9r\u00e9s par l\u2019organisme. Dans de tr\u00e8s rares cas, il se peut qu\u2019une fuite de produit de contraste se produise, provoquant un h\u00e9matome qui n\u00e9cessitera un simple traitement local.<\/p>\n<p>D\u00e8s lors que toutes les pr\u00e9cautions ont \u00e9t\u00e9 prises (absence d\u2019objets ou implants m\u00e9talliques, absence de stimulateur cardiaque etc.), il n\u2019y a pas de contre-indication \u00e0 la pratique d\u2019un examen en IRM. Pour que toutes les pr\u00e9cautions n\u00e9cessaires soient prises, veuillez \u00e9galement signaler si vous \u00eates enceinte ou pensez l\u2019\u00eatre, ou si vous souffrez de troubles chroniques tels que le diab\u00e8te, les troubles cardiaques, r\u00e9naux etc.<\/p>\n<p>Si vous avez d\u2019autres questions concernant l\u2019IRM, n\u2019h\u00e9sitez pas \u00e0 nous contacter. Nous vous y r\u00e9pondrons dans les plus brefs d\u00e9lais.<\/p>\n<p>&nbsp;<\/p>\n<p style=\"text-align: center;\"><a class=\"link-button\" href=\"http:\/\/rim3d.tn\/#examens\"><strong>Retour Examens<\/strong><\/a><\/p>\n","protected":false},"excerpt":{"rendered":"<p>L\u2019IRM, ou\u00a0Imagerie par R\u00e9sonance Magn\u00e9tique, existe depuis la fin des ann\u00e9es 1970. C\u2019est \u00e0 ce jour la technique d\u2019imagerie m\u00e9dicale qui permet d\u2019obtenir les images les plus pr\u00e9cises de l\u2019int\u00e9rieur du corps. L\u2019IRM vient ainsi compl\u00e9ter les autres techniques d\u2019imagerie m\u00e9dicale telles que le scanner, l\u2019\u00e9chographie, ou la radiographie. Elle est utilis\u00e9e pour diagnostiquer avec&hellip; <br \/> <a class=\"read-more\" href=\"https:\/\/rim3d.tn\/?page_id=220\">Read more<\/a><\/p>\n","protected":false},"author":1,"featured_media":0,"parent":0,"menu_order":0,"comment_status":"closed","ping_status":"closed","template":"","meta":[],"_links":{"self":[{"href":"https:\/\/rim3d.tn\/index.php?rest_route=\/wp\/v2\/pages\/220"}],"collection":[{"href":"https:\/\/rim3d.tn\/index.php?rest_route=\/wp\/v2\/pages"}],"about":[{"href":"https:\/\/rim3d.tn\/index.php?rest_route=\/wp\/v2\/types\/page"}],"author":[{"embeddable":true,"href":"https:\/\/rim3d.tn\/index.php?rest_route=\/wp\/v2\/users\/1"}],"replies":[{"embeddable":true,"href":"https:\/\/rim3d.tn\/index.php?rest_route=%2Fwp%2Fv2%2Fcomments&post=220"}],"version-history":[{"count":1,"href":"https:\/\/rim3d.tn\/index.php?rest_route=\/wp\/v2\/pages\/220\/revisions"}],"predecessor-version":[{"id":221,"href":"https:\/\/rim3d.tn\/index.php?rest_route=\/wp\/v2\/pages\/220\/revisions\/221"}],"wp:attachment":[{"href":"https:\/\/rim3d.tn\/index.php?rest_route=%2Fwp%2Fv2%2Fmedia&parent=220"}],"curies":[{"name":"wp","href":"https:\/\/api.w.org\/{rel}","templated":true}]}}