{"id":223,"date":"2021-05-20T21:22:52","date_gmt":"2021-05-20T19:22:52","guid":{"rendered":"http:\/\/rim3d.tn\/?page_id=223"},"modified":"2021-05-20T21:22:52","modified_gmt":"2021-05-20T19:22:52","slug":"scanner","status":"publish","type":"page","link":"https:\/\/rim3d.tn\/?page_id=223","title":{"rendered":"Scanner"},"content":{"rendered":"<p><strong>Que doit-on savoir sur le scanner\u00a0?<\/strong><\/p>\n<p>Apparue depuis pr\u00e8s de 40 ans, la tomodensim\u00e9trie, appel\u00e9e commun\u00e9ment scanner, se pose en alternative aux techniques d\u2019imagerie classiques pour la prise en charge de pathologies n\u00e9cessitant un diagnostic plus pr\u00e9cis. Rapide et facile \u00e0 mettre \u0153uvre, elle est couramment pratiqu\u00e9e de nos jours. Mais quoi consiste un scanner ? Quelles en sont les \u00e9ventuelles complications\u00a0? Ce mini-guide vous apportera toutes les informations utiles sur cet examen.<\/p>\n<p><strong>Le scanner\u00a0: principe et fonctionnement<\/strong><\/p>\n<p>La tomodensim\u00e9trie est une technique d\u2019imagerie m\u00e9dicale qui permet de r\u00e9aliser de\u00a0 mani\u00e8re cibl\u00e9e des images en coupes fines du corps, en combinant l\u2019utilisation des rayons X \u00e0 un syst\u00e8me informatis\u00e9. Le scanner est ainsi constitu\u00e9 d\u2019un anneau int\u00e9grant un tube \u00e9metteur de rayons X et des capteurs num\u00e9riques qui balaient la zone \u00e0 \u00e9tudier en effectuant des rotations.<\/p>\n<p>Cette technique consiste \u00e0 mesurer l\u2019absorption des rayons X par les tissus et \u00e0 num\u00e9riser les informations ainsi recueillies afin de reconstituer des images en 2D ou en 3D des diff\u00e9rentes structures anatomiques. Pour am\u00e9liorer la visibilit\u00e9 des tissus, on utilise souvent un produit de contraste \u00e0 base d\u2019iode qui sera introduit par voie orale ou intraveineuse.<\/p>\n<p><strong>Pourquoi passer un scanner\u00a0?<\/strong><\/p>\n<p>L\u2019exploration au scanner a pour avantage de donner des informations tr\u00e8s pr\u00e9cises sur les zones \u00e9tudi\u00e9es. Elle est notamment envisag\u00e9e pour la recherche de l\u00e9sions qui ne sont pas visibles \u00e0 l\u2019\u00e9chographie ou sur des radiographies classiques.<\/p>\n<p>Utilis\u00e9 pour la prise en charge de diff\u00e9rentes pathologies, cet examen s\u2019applique \u00e0 l\u2019exploration du cerveau, de l\u2019abdomen, de la cage thoracique ou encore des os dans le but de\u00a0 d\u00e9celer diverses anomalies\u00a0: h\u00e9morragie, tumeurs, kystes, infections, ganglions\u2026<\/p>\n<p>Un scanner peut \u00e9galement \u00eatre effectu\u00e9 lors du suivi de certains traitements, notamment en canc\u00e9rologie, ou pour guider des ponctions dans des organes profonds, ou encore pour d\u00e9finir le trajet d\u2019un vaisseau sanguin ou la localisation d\u2019un organe par rapport \u00e0 un autre.<\/p>\n<p><strong>Comment se pr\u00e9parer ?<\/strong><\/p>\n<p>Certains examens\u00a0peuvent n\u00e9cessiter d\u2019\u00eatre \u00e0 jeun. Si c\u2019est le cas, vous devez arr\u00eater de prendre des aliments solides 5h avant la s\u00e9ance. Vous pouvez cependant boire de l\u2019eau, sauf contre-indication. De m\u00eame, si vous suivez un traitement, vous devez prendre vos m\u00e9dicaments sauf indication contraire. Par ailleurs, si vous pr\u00e9sentez un terrain allergique, une pr\u00e9m\u00e9dication vous sera propos\u00e9e afin de limiter les risques d\u2019intol\u00e9rance au produit de contraste.<\/p>\n<p><strong>Comment se d\u00e9roule l\u2019examen ?<\/strong><\/p>\n<p>Avant la s\u00e9ance, il vous sera demand\u00e9 de retirer tout \u00e9l\u00e9ment m\u00e9tallique. Si l\u2019examen n\u00e9cessite une injection de produit contraste, le manipulateur radiologiste vous installera une voie veineuse (une aiguille reli\u00e9e \u00e0 un cath\u00e9ter) sur le repli du coude.<\/p>\n<p>Vous serez ensuite allong\u00e9 sur une table mobile qui se d\u00e9place dans l\u2019anneau durant l\u2019examen. Vous \u00eates tout seul dans la pi\u00e8ce mais vous pouvez communiquer par interphone avec l\u2019\u00e9quipe m\u00e9dicale qui suit l\u2019examen derri\u00e8re une vitre, pr\u00eate \u00e0 intervenir en cas de besoin.<\/p>\n<p>La s\u00e9ance en elle-m\u00eame dure en moyenne 10 \u00e0 30 minutes. L\u2019acquisition de l\u2019image est tr\u00e8s rapide. Elle dure environ 30 secondes durant lesquelles vous devez rester immobile et ne pas respirer pour \u00e9viter que les images soient floues. Votre coop\u00e9ration est tr\u00e8s importante.<\/p>\n<p><strong>Passer un scanner est-il douloureux\u00a0?<\/strong><\/p>\n<p>Le passage sous scanner est indolore. Lors de l\u2019injection du produit de contraste, vous ressentirez une sensation de chaleur qui se dissipe rapidement. Autrement, l\u2019examen \u00e9tant un peu angoissant, une pr\u00e9m\u00e9dication calmante est parfois propos\u00e9e pour les enfants.<\/p>\n<p><strong>Quels sont les risques \u00e9ventuels du scanner\u00a0?<\/strong><\/p>\n<ul>\n<li>Le produit de contraste\u00a0: Les complications li\u00e9es \u00e0 l\u2019injection du produit de contraste sont exceptionnelles. Bien que cela arrive tr\u00e8s rarement, il peut se produire une fuite du produit dans les tissus voisins provoquant la formation d\u2019un h\u00e9matome et pouvant n\u00e9cessiter un traitement local. Par ailleurs, il est n\u00e9cessaire de prendre certaines pr\u00e9cautions pour les patients ayant des ant\u00e9c\u00e9dents r\u00e9naux, diab\u00e9tiques, allergiques ou cardiaques.<\/li>\n<li>Les rayons X\u00a0: L\u2019exposition au rayon X est \u00e0 limiter au maximum en cas de grossesse afin d\u2019\u00e9viter l\u2019irradiation du f\u0153tus. L\u2019exploration du pelvis est donc par principe \u00e0 \u00e9viter. En cas d\u2019absolue n\u00e9cessit\u00e9, certaines pr\u00e9cautions doivent \u00eatre prises. Si vous \u00eates enceinte ou dans le doute, vous devez le signaler \u00e0 l\u2019\u00e9quipe m\u00e9dicale lors de la prise de rendez-vous.<\/li>\n<\/ul>\n<p style=\"text-align: center;\"><a class=\"link-button\" href=\"http:\/\/rim3d.tn\/#examens\"><strong>Retour Examens<\/strong><\/a><\/p>\n","protected":false},"excerpt":{"rendered":"<p>Que doit-on savoir sur le scanner\u00a0? Apparue depuis pr\u00e8s de 40 ans, la tomodensim\u00e9trie, appel\u00e9e commun\u00e9ment scanner, se pose en alternative aux techniques d\u2019imagerie classiques pour la prise en charge de pathologies n\u00e9cessitant un diagnostic plus pr\u00e9cis. Rapide et facile \u00e0 mettre \u0153uvre, elle est couramment pratiqu\u00e9e de nos jours. Mais quoi consiste un scanner&hellip; <br \/> <a class=\"read-more\" href=\"https:\/\/rim3d.tn\/?page_id=223\">Read more<\/a><\/p>\n","protected":false},"author":1,"featured_media":0,"parent":0,"menu_order":0,"comment_status":"closed","ping_status":"closed","template":"","meta":[],"_links":{"self":[{"href":"https:\/\/rim3d.tn\/index.php?rest_route=\/wp\/v2\/pages\/223"}],"collection":[{"href":"https:\/\/rim3d.tn\/index.php?rest_route=\/wp\/v2\/pages"}],"about":[{"href":"https:\/\/rim3d.tn\/index.php?rest_route=\/wp\/v2\/types\/page"}],"author":[{"embeddable":true,"href":"https:\/\/rim3d.tn\/index.php?rest_route=\/wp\/v2\/users\/1"}],"replies":[{"embeddable":true,"href":"https:\/\/rim3d.tn\/index.php?rest_route=%2Fwp%2Fv2%2Fcomments&post=223"}],"version-history":[{"count":1,"href":"https:\/\/rim3d.tn\/index.php?rest_route=\/wp\/v2\/pages\/223\/revisions"}],"predecessor-version":[{"id":224,"href":"https:\/\/rim3d.tn\/index.php?rest_route=\/wp\/v2\/pages\/223\/revisions\/224"}],"wp:attachment":[{"href":"https:\/\/rim3d.tn\/index.php?rest_route=%2Fwp%2Fv2%2Fmedia&parent=223"}],"curies":[{"name":"wp","href":"https:\/\/api.w.org\/{rel}","templated":true}]}}