{"id":232,"date":"2021-05-20T22:42:59","date_gmt":"2021-05-20T20:42:59","guid":{"rendered":"http:\/\/rim3d.tn\/?page_id=232"},"modified":"2021-05-20T22:51:28","modified_gmt":"2021-05-20T20:51:28","slug":"radiographie-et-imagerie-dentaire","status":"publish","type":"page","link":"https:\/\/rim3d.tn\/?page_id=232","title":{"rendered":"Radiographie et Imagerie dentaire"},"content":{"rendered":"<p><strong>Radiographie<\/strong><\/p>\n<p>La radiographie est une technique d&#8217;imagerie qui permet d&#8217;obtenir des cliqu\u00e9s sur les os ou de diff\u00e9rents organes de la zone du corps \u00e0 analyser.<\/p>\n<p>Notre cabinet est \u00e9quip\u00e9 d&#8217;un appareil de radiographie num\u00e9rique.<\/p>\n<p>la radiographie ne n\u00e9cessite pas aucune pr\u00e9paration particuli\u00e8re et elle n&#8217;est pas douloureuse. Toutefois, il y a quelques pr\u00e9cautions \u00e0 prendre pour les femmes enceintes et les femmes allaitantes.<\/p>\n<p style=\"text-align: center;\"><img loading=\"lazy\" class=\"alignnone size-medium wp-image-236\" src=\"http:\/\/rim3d.tn\/wp-content\/uploads\/2021\/05\/187740711_113485947580025_5693880738020784533_n-225x300.jpg\" alt=\"\" width=\"225\" height=\"300\" srcset=\"https:\/\/rim3d.tn\/wp-content\/uploads\/2021\/05\/187740711_113485947580025_5693880738020784533_n-225x300.jpg 225w, https:\/\/rim3d.tn\/wp-content\/uploads\/2021\/05\/187740711_113485947580025_5693880738020784533_n.jpg 720w\" sizes=\"(max-width: 225px) 100vw, 225px\" \/><\/p>\n<p>&nbsp;<\/p>\n<hr \/>\n<p><strong>Imagerie dentaire<\/strong><\/p>\n<p><img loading=\"lazy\" class=\"size-medium wp-image-235 aligncenter\" src=\"http:\/\/rim3d.tn\/wp-content\/uploads\/2021\/05\/187561694_113485917580028_6896407813867539752_n-200x300.jpg\" alt=\"\" width=\"200\" height=\"300\" srcset=\"https:\/\/rim3d.tn\/wp-content\/uploads\/2021\/05\/187561694_113485917580028_6896407813867539752_n-200x300.jpg 200w, https:\/\/rim3d.tn\/wp-content\/uploads\/2021\/05\/187561694_113485917580028_6896407813867539752_n.jpg 540w\" sizes=\"(max-width: 200px) 100vw, 200px\" \/><\/p>\n<p>L&#8217;imagerie dentaire pourrait \u00eatre fait par une radiographie ou bien un scanner.<\/p>\n<p>les radiographies panoramiques sont prescrits pour connaitre et les positions des dents.<\/p>\n<p>Le scanner dentaire est prescrit dans plusieurs cas:<\/p>\n<ul>\n<li>Pathologies infectieuses<\/li>\n<li>Pathologies du parodonte<\/li>\n<li>Pathologies osseuses<\/li>\n<li>Kystes<\/li>\n<li>Pathologie des sinus maxillaires<\/li>\n<li>Pathologies tumorales<\/li>\n<li>Dents incluses<\/li>\n<li>Implants dentaires<\/li>\n<li>Pathologie de l\u2019ATM (articulation temporo-mandibulaire)<\/li>\n<\/ul>\n<p style=\"text-align: center;\"><a class=\"link-button\" href=\"http:\/\/rim3d.tn\/#examens\"><strong>Retour Examens<\/strong><\/a><\/p>\n","protected":false},"excerpt":{"rendered":"<p>Radiographie La radiographie est une technique d&#8217;imagerie qui permet d&#8217;obtenir des cliqu\u00e9s sur les os ou de diff\u00e9rents organes de la zone du corps \u00e0 analyser. Notre cabinet est \u00e9quip\u00e9 d&#8217;un appareil de radiographie num\u00e9rique. la radiographie ne n\u00e9cessite pas aucune pr\u00e9paration particuli\u00e8re et elle n&#8217;est pas douloureuse. Toutefois, il y a quelques pr\u00e9cautions \u00e0&hellip; <br \/> <a class=\"read-more\" href=\"https:\/\/rim3d.tn\/?page_id=232\">Read more<\/a><\/p>\n","protected":false},"author":1,"featured_media":0,"parent":0,"menu_order":0,"comment_status":"closed","ping_status":"closed","template":"","meta":[],"_links":{"self":[{"href":"https:\/\/rim3d.tn\/index.php?rest_route=\/wp\/v2\/pages\/232"}],"collection":[{"href":"https:\/\/rim3d.tn\/index.php?rest_route=\/wp\/v2\/pages"}],"about":[{"href":"https:\/\/rim3d.tn\/index.php?rest_route=\/wp\/v2\/types\/page"}],"author":[{"embeddable":true,"href":"https:\/\/rim3d.tn\/index.php?rest_route=\/wp\/v2\/users\/1"}],"replies":[{"embeddable":true,"href":"https:\/\/rim3d.tn\/index.php?rest_route=%2Fwp%2Fv2%2Fcomments&post=232"}],"version-history":[{"count":2,"href":"https:\/\/rim3d.tn\/index.php?rest_route=\/wp\/v2\/pages\/232\/revisions"}],"predecessor-version":[{"id":241,"href":"https:\/\/rim3d.tn\/index.php?rest_route=\/wp\/v2\/pages\/232\/revisions\/241"}],"wp:attachment":[{"href":"https:\/\/rim3d.tn\/index.php?rest_route=%2Fwp%2Fv2%2Fmedia&parent=232"}],"curies":[{"name":"wp","href":"https:\/\/api.w.org\/{rel}","templated":true}]}}