{"id":253,"date":"2021-05-20T23:03:27","date_gmt":"2021-05-20T21:03:27","guid":{"rendered":"http:\/\/rim3d.tn\/?page_id=253"},"modified":"2021-05-20T23:07:43","modified_gmt":"2021-05-20T21:07:43","slug":"lechographie","status":"publish","type":"page","link":"https:\/\/rim3d.tn\/?page_id=253","title":{"rendered":"L&#8217;\u00e9chographie"},"content":{"rendered":"<p>L\u2019\u00e9chographie est une technique d\u2019exploration non invasive et indolore qui utilise les ultrasons pour visualiser les organes except\u00e9 ceux qui sont calcifi\u00e9s (os) ou qui contiennent de l\u2019air (structures pulmonaires et digestives).<\/p>\n<p>Elle permet le d\u00e9pistage de nombreuses maladies organiques en mettant en \u00e9vidence des anomalies de taille, de forme ou d\u2019aspect des tissus \u00e9tudi\u00e9s.<\/p>\n<p>Un examen dure en g\u00e9n\u00e9ral entre 10 \u00e0 30 minutes.<\/p>\n<p><img loading=\"lazy\" class=\"alignnone size-medium wp-image-199 aligncenter\" src=\"http:\/\/rim3d.tn\/wp-content\/uploads\/2021\/05\/IMG-20210407-WA0005-300x225.jpg\" alt=\"\" width=\"300\" height=\"225\" srcset=\"https:\/\/rim3d.tn\/wp-content\/uploads\/2021\/05\/IMG-20210407-WA0005-300x225.jpg 300w, https:\/\/rim3d.tn\/wp-content\/uploads\/2021\/05\/IMG-20210407-WA0005-1024x768.jpg 1024w, https:\/\/rim3d.tn\/wp-content\/uploads\/2021\/05\/IMG-20210407-WA0005-768x576.jpg 768w, https:\/\/rim3d.tn\/wp-content\/uploads\/2021\/05\/IMG-20210407-WA0005.jpg 1040w\" sizes=\"(max-width: 300px) 100vw, 300px\" \/><br \/>\nLes diff\u00e9rents types d&#8217;\u00e9chographie:<\/p>\n<ul>\n<li>Abdominale (foie, reins, rate, pancr\u00e9as\u2026.)<\/li>\n<li>Pelvienne (ut\u00e9rus, ovaires, vessie)<\/li>\n<li>Prostatique<\/li>\n<li>Thyro\u00efdienne<\/li>\n<li>des tendons, muscles, et articulations<\/li>\n<li>des glandes salivaires<\/li>\n<li>des testicules<\/li>\n<li>des vaisseaux \u2026<\/li>\n<\/ul>\n<p>Suivant le type d\u2019\u00e9chographie demand\u00e9e les pr\u00e9parations sont parfois sp\u00e9cifiques :<\/p>\n<ul>\n<li><strong>Abdominale<\/strong>\u00a0: il faut \u00eatre \u00e0 jeun (cela veut dire ne pas avoir mang\u00e9 depuis 6 heures, ni avoir bu ni fum\u00e9 depuis 4 heures)<\/li>\n<li><strong>Pelvienne<\/strong>\u00a0: venir avec la vessie pleine ( boire environ \u00a01\/2 \u00e0 3\/4 d\u2019un litre d\u2019eau une heure avant l\u2019heure de l\u2019examen) et ne pas uriner<\/li>\n<li><strong>Monitorage de l\u2019ovulation<\/strong>\u00a0: la\u00a0vessie\u00a0est vide et\u00a0l\u2019examen\u00a0se fait par voie vaginale<\/li>\n<li><strong>Musculaire ou tendineuse<\/strong>\u00a0: aucune pr\u00e9paration<\/li>\n<li><strong>Thyro\u00efde, sein<\/strong>\u00a0: pas de pr\u00e9paration particuli\u00e8re<\/li>\n<\/ul>\n<hr \/>\n<p><strong>Doppler<\/strong><\/p>\n<p>Le doppler \u00e9tudie le\u00a0<strong>d\u00e9bit du sang<\/strong>\u00a0dans les\u00a0<strong>art\u00e8res<\/strong>\u00a0et les\u00a0<strong>veines<\/strong>\u00a0donnant ainsi des renseignements sur ses conditions d&#8217;\u00e9coulement et la bonne irrigation des organes. Coupl\u00e9 \u00e0 l&#8217;\u00e9chographie, il renseigne sur la forme des vaisseaux.<\/p>\n<p>Cet examen peut \u00eatre utilis\u00e9 sur les\u00a0<strong>vaisseaux des membres, du cou, de l&#8217;abdomen<\/strong>\u2026<\/p>\n<p>Il existe trois types diff\u00e9rents de doppler\u00a0:<\/p>\n<ul>\n<li>Le\u00a0<strong>doppler continu<\/strong>\u00a0qui traduit la vitesse du flux sanguin en un son analysable par l&#8217;oreille du radiologue lors de l&#8217;examen.<\/li>\n<li>Le\u00a0<strong>doppler puls\u00e9<\/strong>\u00a0qui traduit la vitesse en un graphique.<\/li>\n<li>Le\u00a0<strong>doppler couleur<\/strong>\u00a0qui est associ\u00e9 \u00e0 l&#8217;\u00e9chographie pour donner une image du vaisseau color\u00e9 par du bleu ou du rouge en fonction du sens de circulation sanguine.<\/li>\n<\/ul>\n<p style=\"text-align: center;\"><a class=\"link-button\" href=\"http:\/\/rim3d.tn\/#examens\"><strong>Retour Examens<\/strong><\/a><\/p>\n<p>&nbsp;<\/p>\n","protected":false},"excerpt":{"rendered":"<p>L\u2019\u00e9chographie est une technique d\u2019exploration non invasive et indolore qui utilise les ultrasons pour visualiser les organes except\u00e9 ceux qui sont calcifi\u00e9s (os) ou qui contiennent de l\u2019air (structures pulmonaires et digestives). Elle permet le d\u00e9pistage de nombreuses maladies organiques en mettant en \u00e9vidence des anomalies de taille, de forme ou d\u2019aspect des tissus \u00e9tudi\u00e9s.&hellip; <br \/> <a class=\"read-more\" href=\"https:\/\/rim3d.tn\/?page_id=253\">Read more<\/a><\/p>\n","protected":false},"author":1,"featured_media":0,"parent":0,"menu_order":0,"comment_status":"closed","ping_status":"closed","template":"","meta":[],"_links":{"self":[{"href":"https:\/\/rim3d.tn\/index.php?rest_route=\/wp\/v2\/pages\/253"}],"collection":[{"href":"https:\/\/rim3d.tn\/index.php?rest_route=\/wp\/v2\/pages"}],"about":[{"href":"https:\/\/rim3d.tn\/index.php?rest_route=\/wp\/v2\/types\/page"}],"author":[{"embeddable":true,"href":"https:\/\/rim3d.tn\/index.php?rest_route=\/wp\/v2\/users\/1"}],"replies":[{"embeddable":true,"href":"https:\/\/rim3d.tn\/index.php?rest_route=%2Fwp%2Fv2%2Fcomments&post=253"}],"version-history":[{"count":3,"href":"https:\/\/rim3d.tn\/index.php?rest_route=\/wp\/v2\/pages\/253\/revisions"}],"predecessor-version":[{"id":256,"href":"https:\/\/rim3d.tn\/index.php?rest_route=\/wp\/v2\/pages\/253\/revisions\/256"}],"wp:attachment":[{"href":"https:\/\/rim3d.tn\/index.php?rest_route=%2Fwp%2Fv2%2Fmedia&parent=253"}],"curies":[{"name":"wp","href":"https:\/\/api.w.org\/{rel}","templated":true}]}}